{"id":5339,"date":"2022-11-09T07:06:03","date_gmt":"2022-11-09T07:06:03","guid":{"rendered":"https:\/\/www.rivopharm.ch\/?post_type=product&#038;p=5339"},"modified":"2023-04-14T05:56:32","modified_gmt":"2023-04-14T05:56:32","slug":"nicorandil-rivopharm-10mg-60","status":"publish","type":"product","link":"https:\/\/www.rivopharm.ch\/fr\/product\/nicorandil-rivopharm-10mg-60\/","title":{"rendered":"Nicorandil Rivopharm 10mg 60"},"content":{"rendered":"<p><strong>G\u00e9n\u00e9rique de Dancor\u2122<\/strong><\/p>\n<p>Comprim\u00e9s de 10 mg (avec ligne de fracture, divisible) en bo\u00eetes de 30 ou 60 comprim\u00e9s<\/p>\n<p>Nicorandil Rivopharm est utilis\u00e9 pour le traitement symptomatique de l'angine de poitrine stable chez des patients adultes insuffisamment contr\u00f4l\u00e9s par les th\u00e9rapies anti-angineuses de premi\u00e8re intention (telles que les b\u00eata-bloquants et\/ou les inhibiteurs calciques) ou pr\u00e9sentant une contre-indication ou une intol\u00e9rance \u00e0 ces th\u00e9rapies.<\/p>","protected":false},"excerpt":{"rendered":"<p><strong>G\u00e9n\u00e9rique de Dancor\u2122<\/strong><\/p>\n<p>Comprim\u00e9s de 10 mg (avec ligne de fracture, divisible) en bo\u00eetes de 30 ou 60 comprim\u00e9s<\/p>\n<p>Nicorandil Rivopharm est utilis\u00e9 pour le traitement symptomatique de l'angine de poitrine stable chez des patients adultes insuffisamment contr\u00f4l\u00e9s par les th\u00e9rapies anti-angineuses de premi\u00e8re intention (telles que les b\u00eata-bloquants et\/ou les inhibiteurs calciques) ou pr\u00e9sentant une contre-indication ou une intol\u00e9rance \u00e0 ces th\u00e9rapies.<\/p>","protected":false},"featured_media":5343,"template":"","meta":{"wds_primary_product_brand":0,"wds_primary_product_cat":0},"product_brand":[],"product_cat":[250],"product_tag":[],"class_list":{"0":"post-5339","1":"product","2":"type-product","3":"status-publish","4":"has-post-thumbnail","6":"product_cat-vasodilatatore","8":"first","9":"instock","10":"shipping-taxable","11":"purchasable","12":"product-type-simple"},"_links":{"self":[{"href":"https:\/\/www.rivopharm.ch\/fr\/wp-json\/wp\/v2\/product\/5339","targetHints":{"allow":["GET"]}}],"collection":[{"href":"https:\/\/www.rivopharm.ch\/fr\/wp-json\/wp\/v2\/product"}],"about":[{"href":"https:\/\/www.rivopharm.ch\/fr\/wp-json\/wp\/v2\/types\/product"}],"wp:featuredmedia":[{"embeddable":true,"href":"https:\/\/www.rivopharm.ch\/fr\/wp-json\/wp\/v2\/media\/5343"}],"wp:attachment":[{"href":"https:\/\/www.rivopharm.ch\/fr\/wp-json\/wp\/v2\/media?parent=5339"}],"wp:term":[{"taxonomy":"product_brand","embeddable":true,"href":"https:\/\/www.rivopharm.ch\/fr\/wp-json\/wp\/v2\/product_brand?post=5339"},{"taxonomy":"product_cat","embeddable":true,"href":"https:\/\/www.rivopharm.ch\/fr\/wp-json\/wp\/v2\/product_cat?post=5339"},{"taxonomy":"product_tag","embeddable":true,"href":"https:\/\/www.rivopharm.ch\/fr\/wp-json\/wp\/v2\/product_tag?post=5339"}],"curies":[{"name":"wp","href":"https:\/\/api.w.org\/{rel}","templated":true}]}}