{"id":5027,"date":"2022-10-24T08:22:33","date_gmt":"2022-10-24T08:22:33","guid":{"rendered":"https:\/\/www.rivopharm.ch\/?post_type=product&#038;p=5027"},"modified":"2023-02-23T12:10:36","modified_gmt":"2023-02-23T12:10:36","slug":"levetiracetam-rivopharm-250mg-30","status":"publish","type":"product","link":"https:\/\/www.rivopharm.ch\/fr\/product\/levetiracetam-rivopharm-250mg-30\/","title":{"rendered":"Levetiracetam Rivopharm 250mg 30"},"content":{"rendered":"<p><strong>G\u00e9n\u00e9rique de Keppra<\/strong><\/p>\n<p>Comprim\u00e9s enrob\u00e9s de 250 mg (s\u00e9cables) : boite de 30 comprim\u00e9s enrob\u00e9s<\/p>\n<p>- Pour le traitement de l'\u00e9pilepsie en monoth\u00e9rapie \u00e0 partir de 16 ans.<br \/>\n- En association pour les crises \u00e9pileptiques partielles avec ou sans g\u00e9n\u00e9ralisation secondaire chez les patients \u00e0 partir de 4 ans ;<br \/>\n- Crises myocloniques chez des patients atteints d'\u00e9pilepsie myoclonique juv\u00e9nile \u00e0 partir de 12 ans ;<br \/>\n- Crises tonico-cloniques avec g\u00e9n\u00e9ralisation primaire (dans l'\u00e9pilepsie idiopathique g\u00e9n\u00e9ralis\u00e9e) chez des patients \u00e0 partir de 12 ans.<\/p>","protected":false},"excerpt":{"rendered":"<p><strong>G\u00e9n\u00e9rique de Keppra<\/strong><\/p>\n<p>Comprim\u00e9s enrob\u00e9s de 250 mg (s\u00e9cables) : boite de 30 comprim\u00e9s enrob\u00e9s<\/p>\n<p>- Pour le traitement de l'\u00e9pilepsie en monoth\u00e9rapie \u00e0 partir de 16 ans.<br \/>\n- En association pour les crises \u00e9pileptiques partielles avec ou sans g\u00e9n\u00e9ralisation secondaire chez les patients \u00e0 partir de 4 ans ;<br \/>\n- Crises myocloniques chez des patients atteints d'\u00e9pilepsie myoclonique juv\u00e9nile \u00e0 partir de 12 ans ;<br \/>\n- Crises tonico-cloniques avec g\u00e9n\u00e9ralisation primaire (dans l'\u00e9pilepsie idiopathique g\u00e9n\u00e9ralis\u00e9e) chez des patients \u00e0 partir de 12 ans.<\/p>","protected":false},"featured_media":5318,"template":"","meta":{"wds_primary_product_brand":0,"wds_primary_product_cat":0},"product_brand":[],"product_cat":[249],"product_tag":[],"class_list":{"0":"post-5027","1":"product","2":"type-product","3":"status-publish","4":"has-post-thumbnail","6":"product_cat-antiepilettico","8":"first","9":"instock","10":"shipping-taxable","11":"product-type-simple"},"_links":{"self":[{"href":"https:\/\/www.rivopharm.ch\/fr\/wp-json\/wp\/v2\/product\/5027","targetHints":{"allow":["GET"]}}],"collection":[{"href":"https:\/\/www.rivopharm.ch\/fr\/wp-json\/wp\/v2\/product"}],"about":[{"href":"https:\/\/www.rivopharm.ch\/fr\/wp-json\/wp\/v2\/types\/product"}],"wp:featuredmedia":[{"embeddable":true,"href":"https:\/\/www.rivopharm.ch\/fr\/wp-json\/wp\/v2\/media\/5318"}],"wp:attachment":[{"href":"https:\/\/www.rivopharm.ch\/fr\/wp-json\/wp\/v2\/media?parent=5027"}],"wp:term":[{"taxonomy":"product_brand","embeddable":true,"href":"https:\/\/www.rivopharm.ch\/fr\/wp-json\/wp\/v2\/product_brand?post=5027"},{"taxonomy":"product_cat","embeddable":true,"href":"https:\/\/www.rivopharm.ch\/fr\/wp-json\/wp\/v2\/product_cat?post=5027"},{"taxonomy":"product_tag","embeddable":true,"href":"https:\/\/www.rivopharm.ch\/fr\/wp-json\/wp\/v2\/product_tag?post=5027"}],"curies":[{"name":"wp","href":"https:\/\/api.w.org\/{rel}","templated":true}]}}