{"id":5339,"date":"2022-11-09T07:06:03","date_gmt":"2022-11-09T07:06:03","guid":{"rendered":"https:\/\/www.rivopharm.ch\/?post_type=product&#038;p=5339"},"modified":"2023-04-14T05:56:32","modified_gmt":"2023-04-14T05:56:32","slug":"nicorandil-rivopharm-10mg-60","status":"publish","type":"product","link":"https:\/\/www.rivopharm.ch\/de\/product\/nicorandil-rivopharm-10mg-60\/","title":{"rendered":"Nicorandil Rivopharm 10mg 60"},"content":{"rendered":"<p><strong>Generikum von Dancor\u2122<\/strong><\/p>\n<p>10 mg Tabletten (mit Bruchlinie, teilbar) in Packungen mit 30 oder 60 Tabletten<\/p>\n<p>Nicorandil Rivopharm wird zur symptomatischen Behandlung von stabiler Angina pectoris bei erwachsenen Patienten eingesetzt, die mit Erstlinientherapien gegen Angina pectoris (wie Betablockern und\/oder Kalziumkanalblockern) nur unzureichend kontrolliert werden k\u00f6nnen oder bei denen eine Kontraindikation oder Unvertr\u00e4glichkeit gegen\u00fcber solchen Therapien besteht.<\/p>","protected":false},"excerpt":{"rendered":"<p><strong>Generikum von Dancor\u2122<\/strong><\/p>\n<p>10 mg Tabletten (mit Bruchlinie, teilbar) in Packungen mit 30 oder 60 Tabletten<\/p>\n<p>Nicorandil Rivopharm wird zur symptomatischen Behandlung von stabiler Angina pectoris bei erwachsenen Patienten eingesetzt, die mit Erstlinientherapien gegen Angina pectoris (wie Betablockern und\/oder Kalziumkanalblockern) nur unzureichend kontrolliert werden k\u00f6nnen oder bei denen eine Kontraindikation oder Unvertr\u00e4glichkeit gegen\u00fcber solchen Therapien besteht.<\/p>","protected":false},"featured_media":5343,"template":"","meta":{"wds_primary_product_brand":0,"wds_primary_product_cat":0},"product_brand":[],"product_cat":[250],"product_tag":[],"class_list":{"0":"post-5339","1":"product","2":"type-product","3":"status-publish","4":"has-post-thumbnail","6":"product_cat-vasodilatatore","8":"first","9":"instock","10":"shipping-taxable","11":"purchasable","12":"product-type-simple"},"_links":{"self":[{"href":"https:\/\/www.rivopharm.ch\/de\/wp-json\/wp\/v2\/product\/5339","targetHints":{"allow":["GET"]}}],"collection":[{"href":"https:\/\/www.rivopharm.ch\/de\/wp-json\/wp\/v2\/product"}],"about":[{"href":"https:\/\/www.rivopharm.ch\/de\/wp-json\/wp\/v2\/types\/product"}],"wp:featuredmedia":[{"embeddable":true,"href":"https:\/\/www.rivopharm.ch\/de\/wp-json\/wp\/v2\/media\/5343"}],"wp:attachment":[{"href":"https:\/\/www.rivopharm.ch\/de\/wp-json\/wp\/v2\/media?parent=5339"}],"wp:term":[{"taxonomy":"product_brand","embeddable":true,"href":"https:\/\/www.rivopharm.ch\/de\/wp-json\/wp\/v2\/product_brand?post=5339"},{"taxonomy":"product_cat","embeddable":true,"href":"https:\/\/www.rivopharm.ch\/de\/wp-json\/wp\/v2\/product_cat?post=5339"},{"taxonomy":"product_tag","embeddable":true,"href":"https:\/\/www.rivopharm.ch\/de\/wp-json\/wp\/v2\/product_tag?post=5339"}],"curies":[{"name":"wp","href":"https:\/\/api.w.org\/{rel}","templated":true}]}}